{"id":297,"date":"2013-05-21T13:04:25","date_gmt":"2013-05-21T13:04:25","guid":{"rendered":"http:\/\/wp.realia.byaviators.com\/?page_id=297"},"modified":"2019-12-21T18:13:47","modified_gmt":"2019-12-21T18:13:47","slug":"despre-noi","status":"publish","type":"page","link":"https:\/\/wpt.salltimobiliare.ro\/index.php\/despre-noi","title":{"rendered":"Despre noi :)"},"content":{"rendered":"<p>Fie c\u0103 e\u0219ti \u00een c\u0103utarea unui apartament pentru \u00eenchiriat, o cas\u0103 de cump\u0103rat, sau de\u021bii propriet\u0103\u021bi pe care dore\u0219ti s\u0103 le sco\u021bi spre v\u00e2nzare sau cump\u0103rare, noi reprezent\u0103m solu\u021bia ta.<br \/>\nSallt Imobiliare vine \u00een \u00eent\u00e2mpinarea ta cu o echip\u0103 de profesioni\u0219ti cu experien\u021b\u0103 de ani de zile \u00een domeniu, un colectiv t\u00e2n\u0103r, empatic \u0219i de \u00eencredere, care \u00ee\u021bi st\u0103 la dispozi\u021bie p\u00e2n\u0103 c\u00e2nd problema ta este rezolvat\u0103. \u0218i asta \u00eentr-un timp c\u00e2t mai scurt. Pentru c\u0103\u2026 time is money!<br \/>\nConsider\u0103m, c\u0103 \u00een domeniul tranzac\u021biilor imobiliare, un partener de \u00eencredere st\u0103 la baza unei colabor\u0103ri de succes.<\/p>\n","protected":false},"excerpt":{"rendered":"<p>Fie c\u0103 e\u0219ti \u00een c\u0103utarea unui apartament pentru \u00eenchiriat, o cas\u0103 de cump\u0103rat, sau de\u021bii propriet\u0103\u021bi pe care dore\u0219ti s\u0103 le sco\u021bi spre v\u00e2nzare sau cump\u0103rare, noi reprezent\u0103m solu\u021bia ta. Sallt Imobiliare vine \u00een \u00eent\u00e2mpinarea ta cu o echip\u0103 de profesioni\u0219ti cu experien\u021b\u0103 de ani de zile \u00een domeniu, un colectiv t\u00e2n\u0103r, empatic \u0219i de [&hellip;]<\/p>\n","protected":false},"author":1,"featured_media":0,"parent":0,"menu_order":0,"comment_status":"open","ping_status":"closed","template":"page-fullwidth.php","meta":[],"aioseo_notices":[],"_links":{"self":[{"href":"https:\/\/wpt.salltimobiliare.ro\/index.php\/wp-json\/wp\/v2\/pages\/297"}],"collection":[{"href":"https:\/\/wpt.salltimobiliare.ro\/index.php\/wp-json\/wp\/v2\/pages"}],"about":[{"href":"https:\/\/wpt.salltimobiliare.ro\/index.php\/wp-json\/wp\/v2\/types\/page"}],"author":[{"embeddable":true,"href":"https:\/\/wpt.salltimobiliare.ro\/index.php\/wp-json\/wp\/v2\/users\/1"}],"replies":[{"embeddable":true,"href":"https:\/\/wpt.salltimobiliare.ro\/index.php\/wp-json\/wp\/v2\/comments?post=297"}],"version-history":[{"count":9,"href":"https:\/\/wpt.salltimobiliare.ro\/index.php\/wp-json\/wp\/v2\/pages\/297\/revisions"}],"predecessor-version":[{"id":2304,"href":"https:\/\/wpt.salltimobiliare.ro\/index.php\/wp-json\/wp\/v2\/pages\/297\/revisions\/2304"}],"wp:attachment":[{"href":"https:\/\/wpt.salltimobiliare.ro\/index.php\/wp-json\/wp\/v2\/media?parent=297"}],"curies":[{"name":"wp","href":"https:\/\/api.w.org\/{rel}","templated":true}]}}